{"id":334,"date":"2025-12-08T04:04:48","date_gmt":"2025-12-08T07:04:48","guid":{"rendered":"https:\/\/plastipelstore.com.br\/?page_id=334"},"modified":"2025-12-08T06:50:59","modified_gmt":"2025-12-08T09:50:59","slug":"sobre-nos","status":"publish","type":"page","link":"https:\/\/plastipelstore.com.br\/?page_id=334","title":{"rendered":"Sobre n\u00f3s"},"content":{"rendered":"\t\t<div data-elementor-type=\"wp-page\" data-elementor-id=\"334\" class=\"elementor elementor-334\" data-elementor-post-type=\"page\">\n\t\t\t\t<div class=\"elementor-element elementor-element-35c3a05 e-flex e-con-boxed wpr-particle-no wpr-jarallax-no wpr-parallax-no wpr-sticky-section-no e-con e-parent\" data-id=\"35c3a05\" data-element_type=\"container\">\n\t\t\t\t\t<div class=\"e-con-inner\">\n\t\t\t\t<div class=\"elementor-element elementor-element-5413d43 elementor-widget__width-inherit elementor-widget elementor-widget-heading\" data-id=\"5413d43\" data-element_type=\"widget\" data-widget_type=\"heading.default\">\n\t\t\t\t\t<h2 class=\"elementor-heading-title elementor-size-default\">Conhe\u00e7a nossa hist\u00f3ria<\/h2>\t\t\t\t<\/div>\n\t\t\t\t\t<\/div>\n\t\t\t\t<\/div>\n\t\t<div class=\"elementor-element elementor-element-b553bc9 e-flex e-con-boxed wpr-particle-no wpr-jarallax-no wpr-parallax-no wpr-sticky-section-no e-con e-parent\" data-id=\"b553bc9\" data-element_type=\"container\">\n\t\t\t\t\t<div class=\"e-con-inner\">\n\t\t<div class=\"elementor-element elementor-element-1f3d26d e-con-full e-flex wpr-particle-no wpr-jarallax-no wpr-parallax-no wpr-sticky-section-no e-con e-child\" data-id=\"1f3d26d\" data-element_type=\"container\">\n\t\t\t\t<div class=\"elementor-element elementor-element-a55da7e elementor-widget elementor-widget-text-editor\" data-id=\"a55da7e\" data-element_type=\"widget\" data-widget_type=\"text-editor.default\">\n\t\t\t\t\t\t\t\t\t<p>H\u00e1 mais de 30 anos, fazemos parte da rotina de fam\u00edlias e empreendedores do Guaruj\u00e1. Crescemos junto com a cidade, sempre valorizando um bom ambiente de trabalho, o relacionamento pr\u00f3ximo com nossos clientes e solu\u00e7\u00f5es que realmente facilitam o dia a dia de quem celebra, produz ou empreende.<\/p><p>Nosso compromisso \u00e9 oferecer op\u00e7\u00f5es completas e confi\u00e1veis. Seja para organizar uma comemora\u00e7\u00e3o especial ou apoiar o empreendedor que precisa de materiais para produzir, embalar e vender, aqui voc\u00ea encontra tudo em um s\u00f3 lugar, com agilidade e efici\u00eancia que fazem diferen\u00e7a.<\/p><p>Estamos localizados em um ponto de f\u00e1cil acesso, na Avenida Ademar de Barros, 1195 (pr\u00f3ximo \u00e0 balsa Guaruj\u00e1-Santos), e disponibilizamos estacionamento gratuito, para que sua visita \u00e0 loja seja confort\u00e1vel e sem preocupa\u00e7\u00f5es. Al\u00e9m disso, contamos com a op\u00e7\u00e3o de delivery pelo telefone ou WhatsApp, levando seus produtos diretamente para sua casa ou com\u00e9rcio, com praticidade e sem complica\u00e7\u00e3o.<br \/>Somos a escolha certa para quem busca variedade, qualidade e solu\u00e7\u00f5es completas em artigos de festas e embalagens.<\/p>\t\t\t\t\t\t\t\t<\/div>\n\t\t\t\t<div class=\"elementor-element elementor-element-e6ea6fc elementor-widget elementor-widget-image\" data-id=\"e6ea6fc\" data-element_type=\"widget\" data-widget_type=\"image.default\">\n\t\t\t\t\t\t\t\t\t\t\t\t\t\t\t<img fetchpriority=\"high\" decoding=\"async\" width=\"2364\" height=\"1314\" src=\"https:\/\/plastipelstore.com.br\/wp-content\/uploads\/2025\/12\/Gemini_Generated_Image_31i8o331i8o331i8-1-scaled-e1765187113339.png\" class=\"attachment-full size-full wp-image-421\" alt=\"\" srcset=\"https:\/\/plastipelstore.com.br\/wp-content\/uploads\/2025\/12\/Gemini_Generated_Image_31i8o331i8o331i8-1-scaled-e1765187113339.png 2364w, https:\/\/plastipelstore.com.br\/wp-content\/uploads\/2025\/12\/Gemini_Generated_Image_31i8o331i8o331i8-1-scaled-e1765187113339-300x167.png 300w, https:\/\/plastipelstore.com.br\/wp-content\/uploads\/2025\/12\/Gemini_Generated_Image_31i8o331i8o331i8-1-scaled-e1765187113339-1024x569.png 1024w, https:\/\/plastipelstore.com.br\/wp-content\/uploads\/2025\/12\/Gemini_Generated_Image_31i8o331i8o331i8-1-scaled-e1765187113339-768x427.png 768w, https:\/\/plastipelstore.com.br\/wp-content\/uploads\/2025\/12\/Gemini_Generated_Image_31i8o331i8o331i8-1-scaled-e1765187113339-1536x854.png 1536w, https:\/\/plastipelstore.com.br\/wp-content\/uploads\/2025\/12\/Gemini_Generated_Image_31i8o331i8o331i8-1-scaled-e1765187113339-2048x1138.png 2048w\" sizes=\"(max-width: 2364px) 100vw, 2364px\" \/>\t\t\t\t\t\t\t\t\t\t\t\t\t\t\t<\/div>\n\t\t\t\t<\/div>\n\t\t\t\t\t<\/div>\n\t\t\t\t<\/div>\n\t\t\t\t<\/div>\n\t\t","protected":false},"excerpt":{"rendered":"<p>Conhe\u00e7a nossa hist\u00f3ria H\u00e1 mais de 30 anos, fazemos parte da rotina de fam\u00edlias e empreendedores do Guaruj\u00e1. Crescemos junto com a cidade, sempre valorizando um bom ambiente de trabalho, o relacionamento pr\u00f3ximo com nossos clientes e solu\u00e7\u00f5es que realmente facilitam o dia a dia de quem celebra, produz ou empreende. Nosso compromisso \u00e9 oferecer op\u00e7\u00f5es completas e confi\u00e1veis. Seja para organizar uma comemora\u00e7\u00e3o especial ou apoiar o empreendedor que precisa de materiais para produzir, embalar e vender, aqui voc\u00ea encontra tudo em um s\u00f3 lugar, com agilidade e efici\u00eancia que fazem diferen\u00e7a. Estamos localizados em um ponto de f\u00e1cil acesso, na Avenida Ademar de Barros, 1195 (pr\u00f3ximo \u00e0 balsa Guaruj\u00e1-Santos), e disponibilizamos estacionamento gratuito, para que sua visita \u00e0 loja seja confort\u00e1vel e sem preocupa\u00e7\u00f5es. Al\u00e9m disso, contamos com a op\u00e7\u00e3o de delivery pelo telefone ou WhatsApp, levando seus produtos diretamente para sua casa ou com\u00e9rcio, com praticidade e sem complica\u00e7\u00e3o.Somos a escolha certa para quem busca variedade, qualidade e solu\u00e7\u00f5es completas em artigos de festas e embalagens.<\/p>\n","protected":false},"author":1,"featured_media":0,"parent":0,"menu_order":0,"comment_status":"closed","ping_status":"closed","template":"elementor_header_footer","meta":{"footnotes":""},"class_list":["post-334","page","type-page","status-publish","hentry"],"_links":{"self":[{"href":"https:\/\/plastipelstore.com.br\/index.php?rest_route=\/wp\/v2\/pages\/334","targetHints":{"allow":["GET"]}}],"collection":[{"href":"https:\/\/plastipelstore.com.br\/index.php?rest_route=\/wp\/v2\/pages"}],"about":[{"href":"https:\/\/plastipelstore.com.br\/index.php?rest_route=\/wp\/v2\/types\/page"}],"author":[{"embeddable":true,"href":"https:\/\/plastipelstore.com.br\/index.php?rest_route=\/wp\/v2\/users\/1"}],"replies":[{"embeddable":true,"href":"https:\/\/plastipelstore.com.br\/index.php?rest_route=%2Fwp%2Fv2%2Fcomments&post=334"}],"version-history":[{"count":77,"href":"https:\/\/plastipelstore.com.br\/index.php?rest_route=\/wp\/v2\/pages\/334\/revisions"}],"predecessor-version":[{"id":745,"href":"https:\/\/plastipelstore.com.br\/index.php?rest_route=\/wp\/v2\/pages\/334\/revisions\/745"}],"wp:attachment":[{"href":"https:\/\/plastipelstore.com.br\/index.php?rest_route=%2Fwp%2Fv2%2Fmedia&parent=334"}],"curies":[{"name":"wp","href":"https:\/\/api.w.org\/{rel}","templated":true}]}}