{"id":336,"date":"2025-12-08T04:05:11","date_gmt":"2025-12-08T07:05:11","guid":{"rendered":"https:\/\/plastipelstore.com.br\/?page_id=336"},"modified":"2025-12-08T06:43:13","modified_gmt":"2025-12-08T09:43:13","slug":"produtos","status":"publish","type":"page","link":"https:\/\/plastipelstore.com.br\/?page_id=336","title":{"rendered":"Produtos"},"content":{"rendered":"\t\t<div data-elementor-type=\"wp-page\" data-elementor-id=\"336\" class=\"elementor elementor-336\" data-elementor-post-type=\"page\">\n\t\t\t\t<div class=\"elementor-element elementor-element-fc70cb5 e-flex e-con-boxed wpr-particle-no wpr-jarallax-no wpr-parallax-no wpr-sticky-section-no e-con e-parent\" data-id=\"fc70cb5\" data-element_type=\"container\">\n\t\t\t\t\t<div class=\"e-con-inner\">\n\t\t<div class=\"elementor-element elementor-element-f49b32a e-con-full e-flex wpr-particle-no wpr-jarallax-no wpr-parallax-no wpr-sticky-section-no e-con e-child\" data-id=\"f49b32a\" data-element_type=\"container\">\n\t\t\t\t<div class=\"elementor-element elementor-element-1221b84 elementor-widget__width-inherit elementor-widget elementor-widget-heading\" data-id=\"1221b84\" data-element_type=\"widget\" data-widget_type=\"heading.default\">\n\t\t\t\t\t<h2 class=\"elementor-heading-title elementor-size-default\">Mais de 20 mil itens divididos em categorias para facilitar\u00a0suas\u00a0compras<\/h2>\t\t\t\t<\/div>\n\t\t\t\t<\/div>\n\t\t<div class=\"elementor-element elementor-element-747c515 e-grid e-con-full wpr-particle-no wpr-jarallax-no wpr-parallax-no wpr-sticky-section-no e-con e-child\" data-id=\"747c515\" data-element_type=\"container\">\n\t\t\t\t<div class=\"elementor-element elementor-element-66215e6 elementor-position-top elementor-widget elementor-widget-image-box\" data-id=\"66215e6\" data-element_type=\"widget\" data-widget_type=\"image-box.default\">\n\t\t\t\t\t<div class=\"elementor-image-box-wrapper\"><figure class=\"elementor-image-box-img\"><img decoding=\"async\" src=\"https:\/\/plastipelstore.com.br\/wp-content\/uploads\/2025\/12\/1.png\" title=\"1\" alt=\"1\" loading=\"lazy\" \/><\/figure><div class=\"elementor-image-box-content\"><h3 class=\"elementor-image-box-title\">Artigos de festa<\/h3><\/div><\/div>\t\t\t\t<\/div>\n\t\t\t\t<div class=\"elementor-element elementor-element-0382d04 elementor-position-top elementor-widget elementor-widget-image-box\" data-id=\"0382d04\" data-element_type=\"widget\" data-widget_type=\"image-box.default\">\n\t\t\t\t\t<div class=\"elementor-image-box-wrapper\"><figure class=\"elementor-image-box-img\"><img fetchpriority=\"high\" decoding=\"async\" width=\"500\" height=\"500\" src=\"https:\/\/plastipelstore.com.br\/wp-content\/uploads\/2025\/12\/13.png\" class=\"attachment-full size-full wp-image-547\" alt=\"\" srcset=\"https:\/\/plastipelstore.com.br\/wp-content\/uploads\/2025\/12\/13.png 500w, https:\/\/plastipelstore.com.br\/wp-content\/uploads\/2025\/12\/13-300x300.png 300w, https:\/\/plastipelstore.com.br\/wp-content\/uploads\/2025\/12\/13-150x150.png 150w\" sizes=\"(max-width: 500px) 100vw, 500px\" \/><\/figure><div class=\"elementor-image-box-content\"><h3 class=\"elementor-image-box-title\">Bal\u00f5es personalizados<\/h3><\/div><\/div>\t\t\t\t<\/div>\n\t\t\t\t<div class=\"elementor-element elementor-element-9a744fd elementor-position-top elementor-widget elementor-widget-image-box\" data-id=\"9a744fd\" data-element_type=\"widget\" data-widget_type=\"image-box.default\">\n\t\t\t\t\t<div class=\"elementor-image-box-wrapper\"><figure class=\"elementor-image-box-img\"><img decoding=\"async\" width=\"500\" height=\"500\" src=\"https:\/\/plastipelstore.com.br\/wp-content\/uploads\/2025\/12\/3.png\" class=\"attachment-full size-full wp-image-462\" alt=\"\" srcset=\"https:\/\/plastipelstore.com.br\/wp-content\/uploads\/2025\/12\/3.png 500w, https:\/\/plastipelstore.com.br\/wp-content\/uploads\/2025\/12\/3-300x300.png 300w, https:\/\/plastipelstore.com.br\/wp-content\/uploads\/2025\/12\/3-150x150.png 150w\" sizes=\"(max-width: 500px) 100vw, 500px\" \/><\/figure><div class=\"elementor-image-box-content\"><h3 class=\"elementor-image-box-title\">Produtos de Confeitaria <\/h3><\/div><\/div>\t\t\t\t<\/div>\n\t\t\t\t<div class=\"elementor-element elementor-element-494944e elementor-position-top elementor-widget elementor-widget-image-box\" data-id=\"494944e\" data-element_type=\"widget\" data-widget_type=\"image-box.default\">\n\t\t\t\t\t<div class=\"elementor-image-box-wrapper\"><figure class=\"elementor-image-box-img\"><img decoding=\"async\" width=\"500\" height=\"500\" src=\"https:\/\/plastipelstore.com.br\/wp-content\/uploads\/2025\/12\/10-1.png\" class=\"attachment-full size-full wp-image-484\" alt=\"\" srcset=\"https:\/\/plastipelstore.com.br\/wp-content\/uploads\/2025\/12\/10-1.png 500w, https:\/\/plastipelstore.com.br\/wp-content\/uploads\/2025\/12\/10-1-300x300.png 300w, https:\/\/plastipelstore.com.br\/wp-content\/uploads\/2025\/12\/10-1-150x150.png 150w\" sizes=\"(max-width: 500px) 100vw, 500px\" \/><\/figure><div class=\"elementor-image-box-content\"><h3 class=\"elementor-image-box-title\">Descart\u00e1veis<\/h3><\/div><\/div>\t\t\t\t<\/div>\n\t\t\t\t<div class=\"elementor-element elementor-element-e4c7997 elementor-position-top elementor-widget elementor-widget-image-box\" data-id=\"e4c7997\" data-element_type=\"widget\" data-widget_type=\"image-box.default\">\n\t\t\t\t\t<div class=\"elementor-image-box-wrapper\"><figure class=\"elementor-image-box-img\"><img loading=\"lazy\" decoding=\"async\" width=\"500\" height=\"500\" src=\"https:\/\/plastipelstore.com.br\/wp-content\/uploads\/2025\/12\/8-1.png\" class=\"attachment-full size-full wp-image-467\" alt=\"\" srcset=\"https:\/\/plastipelstore.com.br\/wp-content\/uploads\/2025\/12\/8-1.png 500w, https:\/\/plastipelstore.com.br\/wp-content\/uploads\/2025\/12\/8-1-300x300.png 300w, https:\/\/plastipelstore.com.br\/wp-content\/uploads\/2025\/12\/8-1-150x150.png 150w\" sizes=\"(max-width: 500px) 100vw, 500px\" \/><\/figure><div class=\"elementor-image-box-content\"><h3 class=\"elementor-image-box-title\">Sacolas<\/h3><\/div><\/div>\t\t\t\t<\/div>\n\t\t\t\t<div class=\"elementor-element elementor-element-10e3700 elementor-position-top elementor-widget elementor-widget-image-box\" data-id=\"10e3700\" data-element_type=\"widget\" data-widget_type=\"image-box.default\">\n\t\t\t\t\t<div class=\"elementor-image-box-wrapper\"><figure class=\"elementor-image-box-img\"><img loading=\"lazy\" decoding=\"async\" width=\"500\" height=\"500\" src=\"https:\/\/plastipelstore.com.br\/wp-content\/uploads\/2025\/12\/2.png\" class=\"attachment-full size-full wp-image-461\" alt=\"\" srcset=\"https:\/\/plastipelstore.com.br\/wp-content\/uploads\/2025\/12\/2.png 500w, https:\/\/plastipelstore.com.br\/wp-content\/uploads\/2025\/12\/2-300x300.png 300w, https:\/\/plastipelstore.com.br\/wp-content\/uploads\/2025\/12\/2-150x150.png 150w\" sizes=\"(max-width: 500px) 100vw, 500px\" \/><\/figure><div class=\"elementor-image-box-content\"><h3 class=\"elementor-image-box-title\">Kits de decora\u00e7\u00e3o de festa<\/h3><\/div><\/div>\t\t\t\t<\/div>\n\t\t\t\t<div class=\"elementor-element elementor-element-4dab81b elementor-position-top elementor-widget elementor-widget-image-box\" data-id=\"4dab81b\" data-element_type=\"widget\" data-widget_type=\"image-box.default\">\n\t\t\t\t\t<div class=\"elementor-image-box-wrapper\"><figure class=\"elementor-image-box-img\"><img loading=\"lazy\" decoding=\"async\" width=\"500\" height=\"500\" src=\"https:\/\/plastipelstore.com.br\/wp-content\/uploads\/2025\/12\/9-1.png\" class=\"attachment-full size-full wp-image-468\" alt=\"\" srcset=\"https:\/\/plastipelstore.com.br\/wp-content\/uploads\/2025\/12\/9-1.png 500w, https:\/\/plastipelstore.com.br\/wp-content\/uploads\/2025\/12\/9-1-300x300.png 300w, https:\/\/plastipelstore.com.br\/wp-content\/uploads\/2025\/12\/9-1-150x150.png 150w\" sizes=\"(max-width: 500px) 100vw, 500px\" \/><\/figure><div class=\"elementor-image-box-content\"><h3 class=\"elementor-image-box-title\">Embalagens <\/h3><\/div><\/div>\t\t\t\t<\/div>\n\t\t\t\t<div class=\"elementor-element elementor-element-67ca33d elementor-position-top elementor-widget elementor-widget-image-box\" data-id=\"67ca33d\" data-element_type=\"widget\" data-widget_type=\"image-box.default\">\n\t\t\t\t\t<div class=\"elementor-image-box-wrapper\"><figure class=\"elementor-image-box-img\"><img loading=\"lazy\" decoding=\"async\" width=\"500\" height=\"500\" src=\"https:\/\/plastipelstore.com.br\/wp-content\/uploads\/2025\/12\/4.png\" class=\"attachment-full size-full wp-image-463\" alt=\"\" srcset=\"https:\/\/plastipelstore.com.br\/wp-content\/uploads\/2025\/12\/4.png 500w, https:\/\/plastipelstore.com.br\/wp-content\/uploads\/2025\/12\/4-300x300.png 300w, https:\/\/plastipelstore.com.br\/wp-content\/uploads\/2025\/12\/4-150x150.png 150w\" sizes=\"(max-width: 500px) 100vw, 500px\" \/><\/figure><div class=\"elementor-image-box-content\"><h3 class=\"elementor-image-box-title\">Chocolate<\/h3><\/div><\/div>\t\t\t\t<\/div>\n\t\t\t\t<div class=\"elementor-element elementor-element-95167a5 elementor-position-top elementor-widget elementor-widget-image-box\" data-id=\"95167a5\" data-element_type=\"widget\" data-widget_type=\"image-box.default\">\n\t\t\t\t\t<div class=\"elementor-image-box-wrapper\"><figure class=\"elementor-image-box-img\"><img loading=\"lazy\" decoding=\"async\" width=\"500\" height=\"500\" src=\"https:\/\/plastipelstore.com.br\/wp-content\/uploads\/2025\/12\/Design-sem-nome-23.png\" class=\"attachment-full size-full wp-image-559\" alt=\"\" srcset=\"https:\/\/plastipelstore.com.br\/wp-content\/uploads\/2025\/12\/Design-sem-nome-23.png 500w, https:\/\/plastipelstore.com.br\/wp-content\/uploads\/2025\/12\/Design-sem-nome-23-300x300.png 300w, https:\/\/plastipelstore.com.br\/wp-content\/uploads\/2025\/12\/Design-sem-nome-23-150x150.png 150w\" sizes=\"(max-width: 500px) 100vw, 500px\" \/><\/figure><div class=\"elementor-image-box-content\"><h3 class=\"elementor-image-box-title\">Forminhas de doces<\/h3><\/div><\/div>\t\t\t\t<\/div>\n\t\t\t\t<div class=\"elementor-element elementor-element-b104d73 elementor-position-top elementor-widget elementor-widget-image-box\" data-id=\"b104d73\" data-element_type=\"widget\" data-widget_type=\"image-box.default\">\n\t\t\t\t\t<div class=\"elementor-image-box-wrapper\"><figure class=\"elementor-image-box-img\"><img loading=\"lazy\" decoding=\"async\" width=\"500\" height=\"500\" src=\"https:\/\/plastipelstore.com.br\/wp-content\/uploads\/2025\/12\/7-1.png\" class=\"attachment-full size-full wp-image-466\" alt=\"\" srcset=\"https:\/\/plastipelstore.com.br\/wp-content\/uploads\/2025\/12\/7-1.png 500w, https:\/\/plastipelstore.com.br\/wp-content\/uploads\/2025\/12\/7-1-300x300.png 300w, https:\/\/plastipelstore.com.br\/wp-content\/uploads\/2025\/12\/7-1-150x150.png 150w\" sizes=\"(max-width: 500px) 100vw, 500px\" \/><\/figure><div class=\"elementor-image-box-content\"><h3 class=\"elementor-image-box-title\">Formas<\/h3><\/div><\/div>\t\t\t\t<\/div>\n\t\t\t\t<div class=\"elementor-element elementor-element-dfcfa64 elementor-position-top elementor-widget elementor-widget-image-box\" data-id=\"dfcfa64\" data-element_type=\"widget\" data-widget_type=\"image-box.default\">\n\t\t\t\t\t<div class=\"elementor-image-box-wrapper\"><figure class=\"elementor-image-box-img\"><img loading=\"lazy\" decoding=\"async\" width=\"500\" height=\"500\" src=\"https:\/\/plastipelstore.com.br\/wp-content\/uploads\/2025\/12\/5.png\" class=\"attachment-full size-full wp-image-464\" alt=\"\" srcset=\"https:\/\/plastipelstore.com.br\/wp-content\/uploads\/2025\/12\/5.png 500w, https:\/\/plastipelstore.com.br\/wp-content\/uploads\/2025\/12\/5-300x300.png 300w, https:\/\/plastipelstore.com.br\/wp-content\/uploads\/2025\/12\/5-150x150.png 150w\" sizes=\"(max-width: 500px) 100vw, 500px\" \/><\/figure><div class=\"elementor-image-box-content\"><h3 class=\"elementor-image-box-title\">Doces<\/h3><\/div><\/div>\t\t\t\t<\/div>\n\t\t\t\t<div class=\"elementor-element elementor-element-66f9f16 elementor-position-top elementor-widget elementor-widget-image-box\" data-id=\"66f9f16\" data-element_type=\"widget\" data-widget_type=\"image-box.default\">\n\t\t\t\t\t<div class=\"elementor-image-box-wrapper\"><figure class=\"elementor-image-box-img\"><img loading=\"lazy\" decoding=\"async\" width=\"500\" height=\"500\" src=\"https:\/\/plastipelstore.com.br\/wp-content\/uploads\/2025\/12\/11-1.png\" class=\"attachment-full size-full wp-image-545\" alt=\"\" srcset=\"https:\/\/plastipelstore.com.br\/wp-content\/uploads\/2025\/12\/11-1.png 500w, https:\/\/plastipelstore.com.br\/wp-content\/uploads\/2025\/12\/11-1-300x300.png 300w, https:\/\/plastipelstore.com.br\/wp-content\/uploads\/2025\/12\/11-1-150x150.png 150w\" sizes=\"(max-width: 500px) 100vw, 500px\" \/><\/figure><div class=\"elementor-image-box-content\"><h3 class=\"elementor-image-box-title\">Embalagens de marmita<\/h3><\/div><\/div>\t\t\t\t<\/div>\n\t\t\t\t<div class=\"elementor-element elementor-element-d6bd540 elementor-position-top elementor-widget elementor-widget-image-box\" data-id=\"d6bd540\" data-element_type=\"widget\" data-widget_type=\"image-box.default\">\n\t\t\t\t\t<div class=\"elementor-image-box-wrapper\"><figure class=\"elementor-image-box-img\"><img loading=\"lazy\" decoding=\"async\" width=\"500\" height=\"500\" src=\"https:\/\/plastipelstore.com.br\/wp-content\/uploads\/2025\/12\/14.png\" class=\"attachment-full size-full wp-image-548\" alt=\"\" srcset=\"https:\/\/plastipelstore.com.br\/wp-content\/uploads\/2025\/12\/14.png 500w, https:\/\/plastipelstore.com.br\/wp-content\/uploads\/2025\/12\/14-300x300.png 300w, https:\/\/plastipelstore.com.br\/wp-content\/uploads\/2025\/12\/14-150x150.png 150w\" sizes=\"(max-width: 500px) 100vw, 500px\" \/><\/figure><div class=\"elementor-image-box-content\"><h3 class=\"elementor-image-box-title\">Fantasias<\/h3><\/div><\/div>\t\t\t\t<\/div>\n\t\t\t\t<div class=\"elementor-element elementor-element-4e855b1 elementor-position-top elementor-widget elementor-widget-image-box\" data-id=\"4e855b1\" data-element_type=\"widget\" data-widget_type=\"image-box.default\">\n\t\t\t\t\t<div class=\"elementor-image-box-wrapper\"><figure class=\"elementor-image-box-img\"><img loading=\"lazy\" decoding=\"async\" width=\"500\" height=\"500\" src=\"https:\/\/plastipelstore.com.br\/wp-content\/uploads\/2025\/12\/12-1.png\" class=\"attachment-full size-full wp-image-546\" alt=\"\" srcset=\"https:\/\/plastipelstore.com.br\/wp-content\/uploads\/2025\/12\/12-1.png 500w, https:\/\/plastipelstore.com.br\/wp-content\/uploads\/2025\/12\/12-1-300x300.png 300w, https:\/\/plastipelstore.com.br\/wp-content\/uploads\/2025\/12\/12-1-150x150.png 150w\" sizes=\"(max-width: 500px) 100vw, 500px\" \/><\/figure><div class=\"elementor-image-box-content\"><h3 class=\"elementor-image-box-title\">Copos e canecas personalizados<\/h3><\/div><\/div>\t\t\t\t<\/div>\n\t\t\t\t<div class=\"elementor-element elementor-element-df81e0a elementor-position-top elementor-widget elementor-widget-image-box\" data-id=\"df81e0a\" data-element_type=\"widget\" data-widget_type=\"image-box.default\">\n\t\t\t\t\t<div class=\"elementor-image-box-wrapper\"><figure class=\"elementor-image-box-img\"><img loading=\"lazy\" decoding=\"async\" width=\"500\" height=\"500\" src=\"https:\/\/plastipelstore.com.br\/wp-content\/uploads\/2025\/12\/15.png\" class=\"attachment-full size-full wp-image-544\" alt=\"\" srcset=\"https:\/\/plastipelstore.com.br\/wp-content\/uploads\/2025\/12\/15.png 500w, https:\/\/plastipelstore.com.br\/wp-content\/uploads\/2025\/12\/15-300x300.png 300w, https:\/\/plastipelstore.com.br\/wp-content\/uploads\/2025\/12\/15-150x150.png 150w\" sizes=\"(max-width: 500px) 100vw, 500px\" \/><\/figure><div class=\"elementor-image-box-content\"><h3 class=\"elementor-image-box-title\">Cestas de palha e vime<\/h3><\/div><\/div>\t\t\t\t<\/div>\n\t\t\t\t<div class=\"elementor-element elementor-element-e30f346 elementor-position-top elementor-widget elementor-widget-image-box\" data-id=\"e30f346\" data-element_type=\"widget\" data-widget_type=\"image-box.default\">\n\t\t\t\t\t<div class=\"elementor-image-box-wrapper\"><figure class=\"elementor-image-box-img\"><img loading=\"lazy\" decoding=\"async\" width=\"500\" height=\"500\" src=\"https:\/\/plastipelstore.com.br\/wp-content\/uploads\/2025\/12\/16.png\" class=\"attachment-full size-full wp-image-549\" alt=\"\" srcset=\"https:\/\/plastipelstore.com.br\/wp-content\/uploads\/2025\/12\/16.png 500w, https:\/\/plastipelstore.com.br\/wp-content\/uploads\/2025\/12\/16-300x300.png 300w, https:\/\/plastipelstore.com.br\/wp-content\/uploads\/2025\/12\/16-150x150.png 150w\" sizes=\"(max-width: 500px) 100vw, 500px\" \/><\/figure><div class=\"elementor-image-box-content\"><h3 class=\"elementor-image-box-title\">Carnaval<\/h3><\/div><\/div>\t\t\t\t<\/div>\n\t\t\t\t<div class=\"elementor-element elementor-element-28d0074 elementor-position-top elementor-widget elementor-widget-image-box\" data-id=\"28d0074\" data-element_type=\"widget\" data-widget_type=\"image-box.default\">\n\t\t\t\t\t<div class=\"elementor-image-box-wrapper\"><figure class=\"elementor-image-box-img\"><img loading=\"lazy\" decoding=\"async\" width=\"500\" height=\"500\" src=\"https:\/\/plastipelstore.com.br\/wp-content\/uploads\/2025\/12\/17.png\" class=\"attachment-full size-full wp-image-550\" alt=\"\" srcset=\"https:\/\/plastipelstore.com.br\/wp-content\/uploads\/2025\/12\/17.png 500w, https:\/\/plastipelstore.com.br\/wp-content\/uploads\/2025\/12\/17-300x300.png 300w, https:\/\/plastipelstore.com.br\/wp-content\/uploads\/2025\/12\/17-150x150.png 150w\" sizes=\"(max-width: 500px) 100vw, 500px\" \/><\/figure><div class=\"elementor-image-box-content\"><h3 class=\"elementor-image-box-title\">P\u00e1scoa<\/h3><\/div><\/div>\t\t\t\t<\/div>\n\t\t\t\t<div class=\"elementor-element elementor-element-91dcea7 elementor-position-top elementor-widget elementor-widget-image-box\" data-id=\"91dcea7\" data-element_type=\"widget\" data-widget_type=\"image-box.default\">\n\t\t\t\t\t<div class=\"elementor-image-box-wrapper\"><figure class=\"elementor-image-box-img\"><img loading=\"lazy\" decoding=\"async\" width=\"500\" height=\"500\" src=\"https:\/\/plastipelstore.com.br\/wp-content\/uploads\/2025\/12\/18.png\" class=\"attachment-full size-full wp-image-551\" alt=\"\" srcset=\"https:\/\/plastipelstore.com.br\/wp-content\/uploads\/2025\/12\/18.png 500w, https:\/\/plastipelstore.com.br\/wp-content\/uploads\/2025\/12\/18-300x300.png 300w, https:\/\/plastipelstore.com.br\/wp-content\/uploads\/2025\/12\/18-150x150.png 150w\" sizes=\"(max-width: 500px) 100vw, 500px\" \/><\/figure><div class=\"elementor-image-box-content\"><h3 class=\"elementor-image-box-title\">Festa Junina<\/h3><\/div><\/div>\t\t\t\t<\/div>\n\t\t\t\t<div class=\"elementor-element elementor-element-0449d47 elementor-position-top elementor-widget elementor-widget-image-box\" data-id=\"0449d47\" data-element_type=\"widget\" data-widget_type=\"image-box.default\">\n\t\t\t\t\t<div class=\"elementor-image-box-wrapper\"><figure class=\"elementor-image-box-img\"><img loading=\"lazy\" decoding=\"async\" width=\"500\" height=\"500\" src=\"https:\/\/plastipelstore.com.br\/wp-content\/uploads\/2025\/12\/19.png\" class=\"attachment-full size-full wp-image-552\" alt=\"\" srcset=\"https:\/\/plastipelstore.com.br\/wp-content\/uploads\/2025\/12\/19.png 500w, https:\/\/plastipelstore.com.br\/wp-content\/uploads\/2025\/12\/19-300x300.png 300w, https:\/\/plastipelstore.com.br\/wp-content\/uploads\/2025\/12\/19-150x150.png 150w\" sizes=\"(max-width: 500px) 100vw, 500px\" \/><\/figure><div class=\"elementor-image-box-content\"><h3 class=\"elementor-image-box-title\">Halloween<\/h3><\/div><\/div>\t\t\t\t<\/div>\n\t\t\t\t<div class=\"elementor-element elementor-element-9d19252 elementor-position-top elementor-widget elementor-widget-image-box\" data-id=\"9d19252\" data-element_type=\"widget\" data-widget_type=\"image-box.default\">\n\t\t\t\t\t<div class=\"elementor-image-box-wrapper\"><figure class=\"elementor-image-box-img\"><img loading=\"lazy\" decoding=\"async\" width=\"500\" height=\"500\" src=\"https:\/\/plastipelstore.com.br\/wp-content\/uploads\/2025\/12\/20.png\" class=\"attachment-full size-full wp-image-553\" alt=\"\" srcset=\"https:\/\/plastipelstore.com.br\/wp-content\/uploads\/2025\/12\/20.png 500w, https:\/\/plastipelstore.com.br\/wp-content\/uploads\/2025\/12\/20-300x300.png 300w, https:\/\/plastipelstore.com.br\/wp-content\/uploads\/2025\/12\/20-150x150.png 150w\" sizes=\"(max-width: 500px) 100vw, 500px\" \/><\/figure><div class=\"elementor-image-box-content\"><h3 class=\"elementor-image-box-title\">Natal<\/h3><\/div><\/div>\t\t\t\t<\/div>\n\t\t\t\t<div class=\"elementor-element elementor-element-ee1584e elementor-position-top elementor-widget elementor-widget-image-box\" data-id=\"ee1584e\" data-element_type=\"widget\" data-widget_type=\"image-box.default\">\n\t\t\t\t\t<div class=\"elementor-image-box-wrapper\"><figure class=\"elementor-image-box-img\"><img loading=\"lazy\" decoding=\"async\" width=\"500\" height=\"500\" src=\"https:\/\/plastipelstore.com.br\/wp-content\/uploads\/2025\/12\/21.png\" class=\"attachment-full size-full wp-image-554\" alt=\"\" srcset=\"https:\/\/plastipelstore.com.br\/wp-content\/uploads\/2025\/12\/21.png 500w, https:\/\/plastipelstore.com.br\/wp-content\/uploads\/2025\/12\/21-300x300.png 300w, https:\/\/plastipelstore.com.br\/wp-content\/uploads\/2025\/12\/21-150x150.png 150w\" sizes=\"(max-width: 500px) 100vw, 500px\" \/><\/figure><div class=\"elementor-image-box-content\"><h3 class=\"elementor-image-box-title\">Ano Novo \/ R\u00e9veillon<\/h3><\/div><\/div>\t\t\t\t<\/div>\n\t\t\t\t<\/div>\n\t\t\t\t\t<\/div>\n\t\t\t\t<\/div>\n\t\t<div class=\"elementor-element elementor-element-be16fc7 e-flex e-con-boxed wpr-particle-no wpr-jarallax-no wpr-parallax-no wpr-sticky-section-no e-con e-parent\" data-id=\"be16fc7\" data-element_type=\"container\">\n\t\t\t\t\t<div class=\"e-con-inner\">\n\t\t\t\t\t<\/div>\n\t\t\t\t<\/div>\n\t\t\t\t<\/div>\n\t\t","protected":false},"excerpt":{"rendered":"<p>Mais de 20 mil itens divididos em categorias para facilitar\u00a0suas\u00a0compras Artigos de festa Bal\u00f5es personalizados Produtos de Confeitaria Descart\u00e1veis Sacolas Kits de decora\u00e7\u00e3o de festa Embalagens Chocolate Forminhas de doces Formas Doces Embalagens de marmita Fantasias Copos e canecas personalizados Cestas de palha e vime Carnaval P\u00e1scoa Festa Junina Halloween Natal Ano Novo \/ R\u00e9veillon<\/p>\n","protected":false},"author":1,"featured_media":0,"parent":0,"menu_order":0,"comment_status":"closed","ping_status":"closed","template":"elementor_header_footer","meta":{"footnotes":""},"class_list":["post-336","page","type-page","status-publish","hentry"],"_links":{"self":[{"href":"https:\/\/plastipelstore.com.br\/index.php?rest_route=\/wp\/v2\/pages\/336","targetHints":{"allow":["GET"]}}],"collection":[{"href":"https:\/\/plastipelstore.com.br\/index.php?rest_route=\/wp\/v2\/pages"}],"about":[{"href":"https:\/\/plastipelstore.com.br\/index.php?rest_route=\/wp\/v2\/types\/page"}],"author":[{"embeddable":true,"href":"https:\/\/plastipelstore.com.br\/index.php?rest_route=\/wp\/v2\/users\/1"}],"replies":[{"embeddable":true,"href":"https:\/\/plastipelstore.com.br\/index.php?rest_route=%2Fwp%2Fv2%2Fcomments&post=336"}],"version-history":[{"count":34,"href":"https:\/\/plastipelstore.com.br\/index.php?rest_route=\/wp\/v2\/pages\/336\/revisions"}],"predecessor-version":[{"id":571,"href":"https:\/\/plastipelstore.com.br\/index.php?rest_route=\/wp\/v2\/pages\/336\/revisions\/571"}],"wp:attachment":[{"href":"https:\/\/plastipelstore.com.br\/index.php?rest_route=%2Fwp%2Fv2%2Fmedia&parent=336"}],"curies":[{"name":"wp","href":"https:\/\/api.w.org\/{rel}","templated":true}]}}